{"id":540,"date":"2021-09-23T10:56:50","date_gmt":"2021-09-23T08:56:50","guid":{"rendered":"http:\/\/www.sgleurope.cz\/?page_id=540"},"modified":"2021-09-23T10:56:50","modified_gmt":"2021-09-23T08:56:50","slug":"material-issues","status":"publish","type":"page","link":"https:\/\/www.sgleurope.cz\/en\/material-issues\/","title":{"rendered":"Material Issues"},"content":{"rendered":"<p><\/p>\n<h4 class=\"subheading-primary mb-tweak-columnHeading\">Leveraging our trust-based relationships with customers and partners across the globe and utilizing our business expertise, we will secure our growth and address social issues simultaneously by fulfilling our Corporate Mission: \u201cTo achieve prosperity and realize dreams through sound business activities.\u201d<\/h3>\n<ul class=\"list-board\">\n<li>\n<div class=\"row _align-md-center\">\n<div class=\"col-4 col-md-3 text-align-center\"><img loading=\"lazy\" decoding=\"async\" class=\"_symbol alignleft\" src=\"http:\/\/www.sgleurope.cz\/wp-content\/uploads\/2021\/09\/265_material-issues_03.png\" alt=\"\" width=\"106\" height=\"106\" \/><\/div>\n<div class=\"col-8 col-md-9\">\n<h4>Achieving Harmony with the Global Environment<\/h4>\n<p class=\"mb-0\">To realize recycling-oriented society and mitigate climate change, we are working to<br \/>\nestablish frameworks for the efficient use of resources and stable supply of renewable<br \/>\nenergy. In doing so, we will achieve growth in harmony with the global environment.<\/p>\n<\/div>\n<\/div>\n<\/li>\n<li>\n<div class=\"row _align-md-center\">\n<div class=\"col-4 col-md-3 text-align-center\"><img loading=\"lazy\" decoding=\"async\" class=\"_symbol alignleft\" src=\"http:\/\/www.sgleurope.cz\/wp-content\/uploads\/2021\/09\/265_material-issues_04.png\" alt=\"\" width=\"106\" height=\"106\" \/><\/div>\n<div class=\"col-8 col-md-9\">\n<h4>Contributing to the Development of Local Communities and Industries<\/h4>\n<p class=\"mb-0\">We steadily procure and provide goods and services to meet the needs of people in<br \/>\nvarious countries and regions and contribute to developing industrial platforms. Through<br \/>\nthese means, we will create a virtuous cycle in which we can grow and develop together<br \/>\nwith local communities.<\/p>\n<\/div>\n<\/div>\n<\/li>\n<li>\n<div class=\"row _align-md-center\">\n<div class=\"col-4 col-md-3 text-align-center\"><img loading=\"lazy\" decoding=\"async\" class=\"_symbol alignleft\" src=\"http:\/\/www.sgleurope.cz\/wp-content\/uploads\/2021\/09\/265_material-issues_05.png\" width=\"106\" height=\"106\" \/><\/div>\n<div class=\"col-8 col-md-9\">\n<h4>Establishing a Foundation for Comfortable and Enriching Lifestyles<\/h4>\n<p class=\"mb-0\">We strive to realize more convenient and comfortable lifestyles by providing goods and<br \/>\nservices for daily use while also responding to needs for high-quality lifestyles in order to<br \/>\nsupport the physical and mental health of people around the world.<\/p>\n<\/div>\n<\/div>\n<\/li>\n<li>\n<div class=\"row _align-md-center\">\n<div class=\"col-4 col-md-3 text-align-center\"><img loading=\"lazy\" decoding=\"async\" class=\"_symbol alignleft\" src=\"http:\/\/www.sgleurope.cz\/wp-content\/uploads\/2021\/09\/265_material-issues_06.png\" width=\"106\" height=\"106\" \/><\/div>\n<div class=\"col-8 col-md-9\">\n<h4>Providing Diverse \u201cAccessibility\u201d<\/h4>\n<p class=\"mb-0\">We provide diverse accessibility to open up the possibility of creating new value. To this<br \/>\nend, we will improve mobility for safe and efficient flow of people and goods, and<br \/>\nexpand the network connecting information and finance.<\/p>\n<\/div>\n<\/div>\n<\/li>\n<\/ul>\n<div id=\"\" class=\"fxb-section \">\n<div class=\"fxb-container\">\n<div class=\"fxb-row\">\n<div class=\"fxb-col-md-12\">\n<h4 class=\"subheading-primary mb-tweak-columnHeading\">As a prerequisite for resolving the issues listed above, we strive to maintain and enhance our Management Style that places prime importance on integrity and sound management with utmost respect for the individual and our Corporate Culture full of vitality and conducive to innovation.<\/h3>\n<ul class=\"list-board\">\n<li>\n<div class=\"row _align-md-center\">\n<div class=\"col-4 col-md-3 text-align-center\"><img loading=\"lazy\" decoding=\"async\" class=\"_symbol alignleft\" src=\"http:\/\/www.sgleurope.cz\/wp-content\/uploads\/2021\/09\/265_material-issues_07.png\" width=\"106\" height=\"106\" \/><\/div>\n<div class=\"col-8 col-md-9\">\n<h4>Developing Human Resources and Promoting Diversity<\/h4>\n<p class=\"mb-0\">In order to create new value and innovation by allowing our diverse personnel to fully<br \/>\nexercise their abilities in a variety of fields, we will promote the development and<br \/>\nempowerment of human resources, which represent our most important management<br \/>\nresources.<\/p>\n<\/div>\n<\/div>\n<\/li>\n<li>\n<div class=\"row _align-md-center\">\n<div class=\"col-4 col-md-3 text-align-center\"><img loading=\"lazy\" decoding=\"async\" class=\"_symbol alignleft\" src=\"http:\/\/www.sgleurope.cz\/wp-content\/uploads\/2021\/09\/265_material-issues_08.png\" width=\"106\" height=\"106\" \/><\/div>\n<div class=\"col-8 col-md-9\">\n<h4>Enhancing Governance<\/h4>\n<p class=\"mb-0\">We will enhance our ability to draft and implement strategies for achieving sustainable<br \/>\ngrowth and to provide appropriate supervision of these strategies, all while maintaining<br \/>\ntransparency. In this manner, we will improve management efficiency and maintain<br \/>\nsound management.<\/p>\n<\/div>\n<\/div>\n<\/li>\n<\/ul>\n<\/div>\n<\/div>\n<\/div>\n<\/div>\n<p><\/p>","protected":false},"excerpt":{"rendered":"<p>Leveraging our trust-based relationships with customers and partners across the globe and utilizing our business expertise, we will secure our growth and address social issues simultaneously by fulfilling our Corporate Mission: \u201cTo achieve prosperity and realize dreams through sound business activities.\u201d Achieving Harmony with the Global Environment To realize recycling-oriented society and mitigate climate change, we are working to establish frameworks for the efficient use of resources and stable supply of renewable energy. In doing so, we will achieve growth in harmony with the global environment. Contributing to the Development of Local Communities and Industries We steadily procure and provide goods and services to meet the needs of people in<\/p>\n","protected":false},"author":2,"featured_media":0,"parent":0,"menu_order":0,"comment_status":"closed","ping_status":"closed","template":"","meta":{"footnotes":""},"class_list":["post-540","page","type-page","status-publish","hentry"],"yoast_head":"<!-- This site is optimized with the Yoast SEO plugin v27.5 - https:\/\/yoast.com\/product\/yoast-seo-wordpress\/ -->\n<title>Material Issues - Sumisho Global Logistics Europe, s. r. o.<\/title>\n<meta name=\"robots\" content=\"index, follow, max-snippet:-1, max-image-preview:large, max-video-preview:-1\" \/>\n<link rel=\"canonical\" href=\"https:\/\/www.sgleurope.cz\/en\/material-issues\/\" \/>\n<meta property=\"og:locale\" content=\"en_US\" \/>\n<meta property=\"og:type\" content=\"article\" \/>\n<meta property=\"og:title\" content=\"[:en]Material Issues[:cs]Materi\u00e1ln\u00ed ot\u00e1zky[:] - Sumisho Global Logistics Europe, s. r. o.\" \/>\n<meta property=\"og:description\" content=\"Leveraging our trust-based relationships with customers and partners across the globe and utilizing our business expertise, we will secure our growth and address social issues simultaneously by fulfilling our Corporate Mission: \u201cTo achieve prosperity and realize dreams through sound business activities.\u201d Achieving Harmony with the Global Environment To realize recycling-oriented society and mitigate climate change, we are working to establish frameworks for the efficient use of resources and stable supply of renewable energy. In doing so, we will achieve growth in harmony with the global environment. Contributing to the Development of Local Communities and Industries We steadily procure and provide goods and services to meet the needs of people in\" \/>\n<meta property=\"og:url\" content=\"https:\/\/www.sgleurope.cz\/en\/material-issues\/\" \/>\n<meta property=\"og:site_name\" content=\"Sumisho Global Logistics Europe, s. r. o.\" \/>\n<meta property=\"og:image\" content=\"http:\/\/www.sgleurope.cz\/wp-content\/uploads\/2021\/09\/265_material-issues_03.png\" \/>\n<meta name=\"twitter:card\" content=\"summary_large_image\" \/>\n<meta name=\"twitter:label1\" content=\"Est. reading time\" \/>\n\t<meta name=\"twitter:data1\" content=\"3 minutes\" \/>\n<script type=\"application\/ld+json\" class=\"yoast-schema-graph\">{\"@context\":\"https:\\\/\\\/schema.org\",\"@graph\":[{\"@type\":\"WebPage\",\"@id\":\"https:\\\/\\\/www.sgleurope.cz\\\/en\\\/material-issues\\\/\",\"url\":\"https:\\\/\\\/www.sgleurope.cz\\\/en\\\/material-issues\\\/\",\"name\":\"[:en]Material Issues[:cs]Materi\u00e1ln\u00ed ot\u00e1zky[:] - Sumisho Global Logistics Europe, s. r. o.\",\"isPartOf\":{\"@id\":\"https:\\\/\\\/www.sgleurope.cz\\\/en\\\/#website\"},\"primaryImageOfPage\":{\"@id\":\"https:\\\/\\\/www.sgleurope.cz\\\/en\\\/material-issues\\\/#primaryimage\"},\"image\":{\"@id\":\"https:\\\/\\\/www.sgleurope.cz\\\/en\\\/material-issues\\\/#primaryimage\"},\"thumbnailUrl\":\"http:\\\/\\\/www.sgleurope.cz\\\/wp-content\\\/uploads\\\/2021\\\/09\\\/265_material-issues_03.png\",\"datePublished\":\"2021-09-23T08:56:50+00:00\",\"breadcrumb\":{\"@id\":\"https:\\\/\\\/www.sgleurope.cz\\\/en\\\/material-issues\\\/#breadcrumb\"},\"inLanguage\":\"en-US\",\"potentialAction\":[{\"@type\":\"ReadAction\",\"target\":[\"https:\\\/\\\/www.sgleurope.cz\\\/en\\\/material-issues\\\/\"]}]},{\"@type\":\"ImageObject\",\"inLanguage\":\"en-US\",\"@id\":\"https:\\\/\\\/www.sgleurope.cz\\\/en\\\/material-issues\\\/#primaryimage\",\"url\":\"http:\\\/\\\/www.sgleurope.cz\\\/wp-content\\\/uploads\\\/2021\\\/09\\\/265_material-issues_03.png\",\"contentUrl\":\"http:\\\/\\\/www.sgleurope.cz\\\/wp-content\\\/uploads\\\/2021\\\/09\\\/265_material-issues_03.png\"},{\"@type\":\"BreadcrumbList\",\"@id\":\"https:\\\/\\\/www.sgleurope.cz\\\/en\\\/material-issues\\\/#breadcrumb\",\"itemListElement\":[{\"@type\":\"ListItem\",\"position\":1,\"name\":\"Home\",\"item\":\"https:\\\/\\\/www.sgleurope.cz\\\/en\\\/\"},{\"@type\":\"ListItem\",\"position\":2,\"name\":\"Material Issues\"}]},{\"@type\":\"WebSite\",\"@id\":\"https:\\\/\\\/www.sgleurope.cz\\\/en\\\/#website\",\"url\":\"https:\\\/\\\/www.sgleurope.cz\\\/en\\\/\",\"name\":\"Sumisho Global Logistics Europe, s. r. o.\",\"description\":\"Sumisho Global Logistics Europe, s. r. o.\",\"alternateName\":\"SGL\",\"potentialAction\":[{\"@type\":\"SearchAction\",\"target\":{\"@type\":\"EntryPoint\",\"urlTemplate\":\"https:\\\/\\\/www.sgleurope.cz\\\/en\\\/?s={search_term_string}\"},\"query-input\":{\"@type\":\"PropertyValueSpecification\",\"valueRequired\":true,\"valueName\":\"search_term_string\"}}],\"inLanguage\":\"en-US\"}]}<\/script>\n<!-- \/ Yoast SEO plugin. -->","yoast_head_json":{"title":"[:en]Material Issues[:cs]Materi\u00e1ln\u00ed ot\u00e1zky[:] - Sumisho Global Logistics Europe, s. r. o.","robots":{"index":"index","follow":"follow","max-snippet":"max-snippet:-1","max-image-preview":"max-image-preview:large","max-video-preview":"max-video-preview:-1"},"canonical":"https:\/\/www.sgleurope.cz\/en\/material-issues\/","og_locale":"en_US","og_type":"article","og_title":"[:en]Material Issues[:cs]Materi\u00e1ln\u00ed ot\u00e1zky[:] - Sumisho Global Logistics Europe, s. r. o.","og_description":"Leveraging our trust-based relationships with customers and partners across the globe and utilizing our business expertise, we will secure our growth and address social issues simultaneously by fulfilling our Corporate Mission: \u201cTo achieve prosperity and realize dreams through sound business activities.\u201d Achieving Harmony with the Global Environment To realize recycling-oriented society and mitigate climate change, we are working to establish frameworks for the efficient use of resources and stable supply of renewable energy. In doing so, we will achieve growth in harmony with the global environment. Contributing to the Development of Local Communities and Industries We steadily procure and provide goods and services to meet the needs of people in","og_url":"https:\/\/www.sgleurope.cz\/en\/material-issues\/","og_site_name":"Sumisho Global Logistics Europe, s. r. o.","og_image":[{"url":"http:\/\/www.sgleurope.cz\/wp-content\/uploads\/2021\/09\/265_material-issues_03.png","type":"","width":"","height":""}],"twitter_card":"summary_large_image","twitter_misc":{"Est. reading time":"3 minutes"},"schema":{"@context":"https:\/\/schema.org","@graph":[{"@type":"WebPage","@id":"https:\/\/www.sgleurope.cz\/en\/material-issues\/","url":"https:\/\/www.sgleurope.cz\/en\/material-issues\/","name":"[:en]Material Issues[:cs]Materi\u00e1ln\u00ed ot\u00e1zky[:] - Sumisho Global Logistics Europe, s. r. o.","isPartOf":{"@id":"https:\/\/www.sgleurope.cz\/en\/#website"},"primaryImageOfPage":{"@id":"https:\/\/www.sgleurope.cz\/en\/material-issues\/#primaryimage"},"image":{"@id":"https:\/\/www.sgleurope.cz\/en\/material-issues\/#primaryimage"},"thumbnailUrl":"http:\/\/www.sgleurope.cz\/wp-content\/uploads\/2021\/09\/265_material-issues_03.png","datePublished":"2021-09-23T08:56:50+00:00","breadcrumb":{"@id":"https:\/\/www.sgleurope.cz\/en\/material-issues\/#breadcrumb"},"inLanguage":"en-US","potentialAction":[{"@type":"ReadAction","target":["https:\/\/www.sgleurope.cz\/en\/material-issues\/"]}]},{"@type":"ImageObject","inLanguage":"en-US","@id":"https:\/\/www.sgleurope.cz\/en\/material-issues\/#primaryimage","url":"http:\/\/www.sgleurope.cz\/wp-content\/uploads\/2021\/09\/265_material-issues_03.png","contentUrl":"http:\/\/www.sgleurope.cz\/wp-content\/uploads\/2021\/09\/265_material-issues_03.png"},{"@type":"BreadcrumbList","@id":"https:\/\/www.sgleurope.cz\/en\/material-issues\/#breadcrumb","itemListElement":[{"@type":"ListItem","position":1,"name":"Home","item":"https:\/\/www.sgleurope.cz\/en\/"},{"@type":"ListItem","position":2,"name":"Material Issues"}]},{"@type":"WebSite","@id":"https:\/\/www.sgleurope.cz\/en\/#website","url":"https:\/\/www.sgleurope.cz\/en\/","name":"Sumisho Global Logistics Europe, s. r. o.","description":"Sumisho Global Logistics Europe, s. r. o.","alternateName":"SGL","potentialAction":[{"@type":"SearchAction","target":{"@type":"EntryPoint","urlTemplate":"https:\/\/www.sgleurope.cz\/en\/?s={search_term_string}"},"query-input":{"@type":"PropertyValueSpecification","valueRequired":true,"valueName":"search_term_string"}}],"inLanguage":"en-US"}]}},"_links":{"self":[{"href":"https:\/\/www.sgleurope.cz\/en\/wp-json\/wp\/v2\/pages\/540","targetHints":{"allow":["GET"]}}],"collection":[{"href":"https:\/\/www.sgleurope.cz\/en\/wp-json\/wp\/v2\/pages"}],"about":[{"href":"https:\/\/www.sgleurope.cz\/en\/wp-json\/wp\/v2\/types\/page"}],"author":[{"embeddable":true,"href":"https:\/\/www.sgleurope.cz\/en\/wp-json\/wp\/v2\/users\/2"}],"replies":[{"embeddable":true,"href":"https:\/\/www.sgleurope.cz\/en\/wp-json\/wp\/v2\/comments?post=540"}],"version-history":[{"count":13,"href":"https:\/\/www.sgleurope.cz\/en\/wp-json\/wp\/v2\/pages\/540\/revisions"}],"predecessor-version":[{"id":559,"href":"https:\/\/www.sgleurope.cz\/en\/wp-json\/wp\/v2\/pages\/540\/revisions\/559"}],"wp:attachment":[{"href":"https:\/\/www.sgleurope.cz\/en\/wp-json\/wp\/v2\/media?parent=540"}],"curies":[{"name":"wp","href":"https:\/\/api.w.org\/{rel}","templated":true}]}}