{"id":21,"date":"2018-03-02T11:30:26","date_gmt":"2018-03-02T11:30:26","guid":{"rendered":"http:\/\/www.sgleurope.cz\/?page_id=21"},"modified":"2018-05-11T12:34:16","modified_gmt":"2018-05-11T11:34:16","slug":"logistics-consulting","status":"publish","type":"page","link":"https:\/\/www.sgleurope.cz\/en\/our-services\/logistics-consulting\/","title":{"rendered":"Logistics Consulting (Compliance\/Risk Management)"},"content":{"rendered":"<p><\/p>\n<p><img loading=\"lazy\" decoding=\"async\" src=\"http:\/\/www.sgleurope.cz\/wp-content\/uploads\/2018\/03\/risk_management.jpg\" alt=\"risk management\" width=\"960\" height=\"640\" class=\"aligncenter size-full wp-image-107\" srcset=\"https:\/\/www.sgleurope.cz\/wp-content\/uploads\/2018\/03\/risk_management.jpg 960w, https:\/\/www.sgleurope.cz\/wp-content\/uploads\/2018\/03\/risk_management-300x200.jpg 300w, https:\/\/www.sgleurope.cz\/wp-content\/uploads\/2018\/03\/risk_management-768x512.jpg 768w\" sizes=\"auto, (max-width: 960px) 100vw, 960px\" \/><\/p>\n<p>A lot of companies pay attention to the risks that are hidden within a business, but how about in logistics?<\/p>\n<p>Are you sure that there is no problem at all to proceed with the same way as previously?<\/p>\n<p>There are also many risks in logistics. For instance, incorrect information or declaration regarding dangerous goods, custom declaration value, import and export licences, or tax numbers might be a breach of compliance.<\/p>\n<p>Furthermore, There is a risk of bankruptcies of transport companies, direct or consequential damage risks due to accidents, and other various types of\u00a0 risks exist in logistics.<\/p>\n<p>Since cargoes actually move, there are possibilities that the loss of human life might be a risk.<\/p>\n<p>With regard to such diverse risks, we propose the countermeasures to mitigate any risks together with our customers.\n<\/p>\n<p><\/p>","protected":false},"excerpt":{"rendered":"<p>A lot of companies pay attention to the risks that are hidden within a business, but how about in logistics? Are you sure that there is no problem at all to proceed with the same way as previously? There are also many risks in logistics. For instance, incorrect information or declaration regarding dangerous goods, custom declaration value, import and export licences, or tax numbers might be a breach of compliance. Furthermore, There is a risk of bankruptcies of transport companies, direct or consequential damage risks due to accidents, and other various types of\u00a0 risks exist in logistics. Since cargoes actually move, there are possibilities that the loss of human life<\/p>\n","protected":false},"author":2,"featured_media":0,"parent":14,"menu_order":0,"comment_status":"closed","ping_status":"closed","template":"","meta":{"footnotes":""},"class_list":["post-21","page","type-page","status-publish","hentry"],"yoast_head":"<!-- This site is optimized with the Yoast SEO plugin v27.5 - https:\/\/yoast.com\/product\/yoast-seo-wordpress\/ -->\n<title>Logistics Consulting (Compliance\/Risk Management) - Sumisho Global Logistics Europe, s. r. o.<\/title>\n<meta name=\"robots\" content=\"index, follow, max-snippet:-1, max-image-preview:large, max-video-preview:-1\" \/>\n<link rel=\"canonical\" href=\"https:\/\/www.sgleurope.cz\/en\/our-services\/logistics-consulting\/\" \/>\n<meta property=\"og:locale\" content=\"en_US\" \/>\n<meta property=\"og:type\" content=\"article\" \/>\n<meta property=\"og:title\" content=\"[:en]Logistics Consulting (Compliance\/Risk Management)[:de]Logistikberatung (Compliance\/Risikosteuerung)[:ja]\u7269\u6d41\u30b3\u30f3\u30b5\u30eb\u30c6\u30a3\u30f3\u30b0[:cs]Logistick\u00e9 poradenstv\u00ed (Dodr\u017eov\u00e1n\u00ed p\u0159edpis\u016f\/\u0158\u00edzen\u00ed rizik)[:] - Sumisho Global Logistics Europe, s. r. o.\" \/>\n<meta property=\"og:description\" content=\"A lot of companies pay attention to the risks that are hidden within a business, but how about in logistics? Are you sure that there is no problem at all to proceed with the same way as previously? There are also many risks in logistics. For instance, incorrect information or declaration regarding dangerous goods, custom declaration value, import and export licences, or tax numbers might be a breach of compliance. Furthermore, There is a risk of bankruptcies of transport companies, direct or consequential damage risks due to accidents, and other various types of\u00a0 risks exist in logistics. Since cargoes actually move, there are possibilities that the loss of human life\" \/>\n<meta property=\"og:url\" content=\"https:\/\/www.sgleurope.cz\/en\/our-services\/logistics-consulting\/\" \/>\n<meta property=\"og:site_name\" content=\"Sumisho Global Logistics Europe, s. r. o.\" \/>\n<meta property=\"article:modified_time\" content=\"2018-05-11T11:34:16+00:00\" \/>\n<meta property=\"og:image\" content=\"http:\/\/www.sgleurope.cz\/wp-content\/uploads\/2018\/03\/risk_management.jpg\" \/>\n<meta name=\"twitter:card\" content=\"summary_large_image\" \/>\n<meta name=\"twitter:label1\" content=\"Est. reading time\" \/>\n\t<meta name=\"twitter:data1\" content=\"2 minutes\" \/>\n<script type=\"application\/ld+json\" class=\"yoast-schema-graph\">{\"@context\":\"https:\\\/\\\/schema.org\",\"@graph\":[{\"@type\":\"WebPage\",\"@id\":\"https:\\\/\\\/www.sgleurope.cz\\\/en\\\/our-services\\\/logistics-consulting\\\/\",\"url\":\"https:\\\/\\\/www.sgleurope.cz\\\/en\\\/our-services\\\/logistics-consulting\\\/\",\"name\":\"[:en]Logistics Consulting (Compliance\\\/Risk Management)[:de]Logistikberatung (Compliance\\\/Risikosteuerung)[:ja]\u7269\u6d41\u30b3\u30f3\u30b5\u30eb\u30c6\u30a3\u30f3\u30b0[:cs]Logistick\u00e9 poradenstv\u00ed (Dodr\u017eov\u00e1n\u00ed p\u0159edpis\u016f\\\/\u0158\u00edzen\u00ed rizik)[:] - Sumisho Global Logistics Europe, s. r. o.\",\"isPartOf\":{\"@id\":\"https:\\\/\\\/www.sgleurope.cz\\\/en\\\/#website\"},\"primaryImageOfPage\":{\"@id\":\"https:\\\/\\\/www.sgleurope.cz\\\/en\\\/our-services\\\/logistics-consulting\\\/#primaryimage\"},\"image\":{\"@id\":\"https:\\\/\\\/www.sgleurope.cz\\\/en\\\/our-services\\\/logistics-consulting\\\/#primaryimage\"},\"thumbnailUrl\":\"http:\\\/\\\/www.sgleurope.cz\\\/wp-content\\\/uploads\\\/2018\\\/03\\\/risk_management.jpg\",\"datePublished\":\"2018-03-02T11:30:26+00:00\",\"dateModified\":\"2018-05-11T11:34:16+00:00\",\"breadcrumb\":{\"@id\":\"https:\\\/\\\/www.sgleurope.cz\\\/en\\\/our-services\\\/logistics-consulting\\\/#breadcrumb\"},\"inLanguage\":\"en-US\",\"potentialAction\":[{\"@type\":\"ReadAction\",\"target\":[\"https:\\\/\\\/www.sgleurope.cz\\\/en\\\/our-services\\\/logistics-consulting\\\/\"]}]},{\"@type\":\"ImageObject\",\"inLanguage\":\"en-US\",\"@id\":\"https:\\\/\\\/www.sgleurope.cz\\\/en\\\/our-services\\\/logistics-consulting\\\/#primaryimage\",\"url\":\"http:\\\/\\\/www.sgleurope.cz\\\/wp-content\\\/uploads\\\/2018\\\/03\\\/risk_management.jpg\",\"contentUrl\":\"http:\\\/\\\/www.sgleurope.cz\\\/wp-content\\\/uploads\\\/2018\\\/03\\\/risk_management.jpg\"},{\"@type\":\"BreadcrumbList\",\"@id\":\"https:\\\/\\\/www.sgleurope.cz\\\/en\\\/our-services\\\/logistics-consulting\\\/#breadcrumb\",\"itemListElement\":[{\"@type\":\"ListItem\",\"position\":1,\"name\":\"Home\",\"item\":\"https:\\\/\\\/www.sgleurope.cz\\\/en\\\/\"},{\"@type\":\"ListItem\",\"position\":2,\"name\":\"Our Services\",\"item\":\"https:\\\/\\\/www.sgleurope.cz\\\/en\\\/our-services\\\/\"},{\"@type\":\"ListItem\",\"position\":3,\"name\":\"Logistics Consulting (Compliance\\\/Risk Management)\"}]},{\"@type\":\"WebSite\",\"@id\":\"https:\\\/\\\/www.sgleurope.cz\\\/en\\\/#website\",\"url\":\"https:\\\/\\\/www.sgleurope.cz\\\/en\\\/\",\"name\":\"Sumisho Global Logistics Europe, s. r. o.\",\"description\":\"Sumisho Global Logistics Europe, s. r. o.\",\"alternateName\":\"SGL\",\"potentialAction\":[{\"@type\":\"SearchAction\",\"target\":{\"@type\":\"EntryPoint\",\"urlTemplate\":\"https:\\\/\\\/www.sgleurope.cz\\\/en\\\/?s={search_term_string}\"},\"query-input\":{\"@type\":\"PropertyValueSpecification\",\"valueRequired\":true,\"valueName\":\"search_term_string\"}}],\"inLanguage\":\"en-US\"}]}<\/script>\n<!-- \/ Yoast SEO plugin. -->","yoast_head_json":{"title":"[:en]Logistics Consulting (Compliance\/Risk Management)[:de]Logistikberatung (Compliance\/Risikosteuerung)[:ja]\u7269\u6d41\u30b3\u30f3\u30b5\u30eb\u30c6\u30a3\u30f3\u30b0[:cs]Logistick\u00e9 poradenstv\u00ed (Dodr\u017eov\u00e1n\u00ed p\u0159edpis\u016f\/\u0158\u00edzen\u00ed rizik)[:] - Sumisho Global Logistics Europe, s. r. o.","robots":{"index":"index","follow":"follow","max-snippet":"max-snippet:-1","max-image-preview":"max-image-preview:large","max-video-preview":"max-video-preview:-1"},"canonical":"https:\/\/www.sgleurope.cz\/en\/our-services\/logistics-consulting\/","og_locale":"en_US","og_type":"article","og_title":"[:en]Logistics Consulting (Compliance\/Risk Management)[:de]Logistikberatung (Compliance\/Risikosteuerung)[:ja]\u7269\u6d41\u30b3\u30f3\u30b5\u30eb\u30c6\u30a3\u30f3\u30b0[:cs]Logistick\u00e9 poradenstv\u00ed (Dodr\u017eov\u00e1n\u00ed p\u0159edpis\u016f\/\u0158\u00edzen\u00ed rizik)[:] - Sumisho Global Logistics Europe, s. r. o.","og_description":"A lot of companies pay attention to the risks that are hidden within a business, but how about in logistics? Are you sure that there is no problem at all to proceed with the same way as previously? There are also many risks in logistics. For instance, incorrect information or declaration regarding dangerous goods, custom declaration value, import and export licences, or tax numbers might be a breach of compliance. Furthermore, There is a risk of bankruptcies of transport companies, direct or consequential damage risks due to accidents, and other various types of\u00a0 risks exist in logistics. Since cargoes actually move, there are possibilities that the loss of human life","og_url":"https:\/\/www.sgleurope.cz\/en\/our-services\/logistics-consulting\/","og_site_name":"Sumisho Global Logistics Europe, s. r. o.","article_modified_time":"2018-05-11T11:34:16+00:00","og_image":[{"url":"http:\/\/www.sgleurope.cz\/wp-content\/uploads\/2018\/03\/risk_management.jpg","type":"","width":"","height":""}],"twitter_card":"summary_large_image","twitter_misc":{"Est. reading time":"2 minutes"},"schema":{"@context":"https:\/\/schema.org","@graph":[{"@type":"WebPage","@id":"https:\/\/www.sgleurope.cz\/en\/our-services\/logistics-consulting\/","url":"https:\/\/www.sgleurope.cz\/en\/our-services\/logistics-consulting\/","name":"[:en]Logistics Consulting (Compliance\/Risk Management)[:de]Logistikberatung (Compliance\/Risikosteuerung)[:ja]\u7269\u6d41\u30b3\u30f3\u30b5\u30eb\u30c6\u30a3\u30f3\u30b0[:cs]Logistick\u00e9 poradenstv\u00ed (Dodr\u017eov\u00e1n\u00ed p\u0159edpis\u016f\/\u0158\u00edzen\u00ed rizik)[:] - Sumisho Global Logistics Europe, s. r. o.","isPartOf":{"@id":"https:\/\/www.sgleurope.cz\/en\/#website"},"primaryImageOfPage":{"@id":"https:\/\/www.sgleurope.cz\/en\/our-services\/logistics-consulting\/#primaryimage"},"image":{"@id":"https:\/\/www.sgleurope.cz\/en\/our-services\/logistics-consulting\/#primaryimage"},"thumbnailUrl":"http:\/\/www.sgleurope.cz\/wp-content\/uploads\/2018\/03\/risk_management.jpg","datePublished":"2018-03-02T11:30:26+00:00","dateModified":"2018-05-11T11:34:16+00:00","breadcrumb":{"@id":"https:\/\/www.sgleurope.cz\/en\/our-services\/logistics-consulting\/#breadcrumb"},"inLanguage":"en-US","potentialAction":[{"@type":"ReadAction","target":["https:\/\/www.sgleurope.cz\/en\/our-services\/logistics-consulting\/"]}]},{"@type":"ImageObject","inLanguage":"en-US","@id":"https:\/\/www.sgleurope.cz\/en\/our-services\/logistics-consulting\/#primaryimage","url":"http:\/\/www.sgleurope.cz\/wp-content\/uploads\/2018\/03\/risk_management.jpg","contentUrl":"http:\/\/www.sgleurope.cz\/wp-content\/uploads\/2018\/03\/risk_management.jpg"},{"@type":"BreadcrumbList","@id":"https:\/\/www.sgleurope.cz\/en\/our-services\/logistics-consulting\/#breadcrumb","itemListElement":[{"@type":"ListItem","position":1,"name":"Home","item":"https:\/\/www.sgleurope.cz\/en\/"},{"@type":"ListItem","position":2,"name":"Our Services","item":"https:\/\/www.sgleurope.cz\/en\/our-services\/"},{"@type":"ListItem","position":3,"name":"Logistics Consulting (Compliance\/Risk Management)"}]},{"@type":"WebSite","@id":"https:\/\/www.sgleurope.cz\/en\/#website","url":"https:\/\/www.sgleurope.cz\/en\/","name":"Sumisho Global Logistics Europe, s. r. o.","description":"Sumisho Global Logistics Europe, s. r. o.","alternateName":"SGL","potentialAction":[{"@type":"SearchAction","target":{"@type":"EntryPoint","urlTemplate":"https:\/\/www.sgleurope.cz\/en\/?s={search_term_string}"},"query-input":{"@type":"PropertyValueSpecification","valueRequired":true,"valueName":"search_term_string"}}],"inLanguage":"en-US"}]}},"_links":{"self":[{"href":"https:\/\/www.sgleurope.cz\/en\/wp-json\/wp\/v2\/pages\/21","targetHints":{"allow":["GET"]}}],"collection":[{"href":"https:\/\/www.sgleurope.cz\/en\/wp-json\/wp\/v2\/pages"}],"about":[{"href":"https:\/\/www.sgleurope.cz\/en\/wp-json\/wp\/v2\/types\/page"}],"author":[{"embeddable":true,"href":"https:\/\/www.sgleurope.cz\/en\/wp-json\/wp\/v2\/users\/2"}],"replies":[{"embeddable":true,"href":"https:\/\/www.sgleurope.cz\/en\/wp-json\/wp\/v2\/comments?post=21"}],"version-history":[{"count":15,"href":"https:\/\/www.sgleurope.cz\/en\/wp-json\/wp\/v2\/pages\/21\/revisions"}],"predecessor-version":[{"id":328,"href":"https:\/\/www.sgleurope.cz\/en\/wp-json\/wp\/v2\/pages\/21\/revisions\/328"}],"up":[{"embeddable":true,"href":"https:\/\/www.sgleurope.cz\/en\/wp-json\/wp\/v2\/pages\/14"}],"wp:attachment":[{"href":"https:\/\/www.sgleurope.cz\/en\/wp-json\/wp\/v2\/media?parent=21"}],"curies":[{"name":"wp","href":"https:\/\/api.w.org\/{rel}","templated":true}]}}