{"id":540,"date":"2021-09-23T10:56:50","date_gmt":"2021-09-23T08:56:50","guid":{"rendered":"http:\/\/www.sgleurope.cz\/?page_id=540"},"modified":"2021-09-23T10:56:50","modified_gmt":"2021-09-23T08:56:50","slug":"material-issues","status":"publish","type":"page","link":"https:\/\/www.sgleurope.cz\/cs\/material-issues\/","title":{"rendered":"Materi\u00e1ln\u00ed ot\u00e1zky"},"content":{"rendered":"<p><\/p>\n<h4 class=\"subheading-primary mb-tweak-columnHeading\">S vyu\u017eit\u00edm na\u0161ich vztah\u016f zalo\u017een\u00fdch na d\u016fv\u011b\u0159e se z\u00e1kazn\u00edky a partnery po cel\u00e9m sv\u011bt\u011b a s vyu\u017eit\u00edm na\u0161ich obchodn\u00edch zku\u0161enost\u00ed zajist\u00edme n\u00e1\u0161 r\u016fst a sou\u010dasn\u011b budeme \u0159e\u0161it soci\u00e1ln\u00ed ot\u00e1zky napl\u0148ov\u00e1n\u00edm na\u0161\u00ed firemn\u00ed mise: &#8222;Dosahovat prosperity a uskute\u010d\u0148ovat sny prost\u0159ednictv\u00edm rozumn\u00fdch obchodn\u00edch aktivit.&#8220;<\/h4>\n<ul class=\"list-board\">\n<li>\n<div class=\"row _align-md-center\">\n<div class=\"col-4 col-md-3 text-align-center\"><img loading=\"lazy\" decoding=\"async\" class=\"_symbol alignleft\" src=\"http:\/\/www.sgleurope.cz\/wp-content\/uploads\/2021\/09\/265_material-issues_03.png\" alt=\"\" width=\"106\" height=\"106\" \/><\/div>\n<div class=\"col-8 col-md-9\">\n<h4>Dosa\u017een\u00ed harmonie s glob\u00e1ln\u00edm \u017eivotn\u00edm prost\u0159ed\u00edm<\/h4>\n<p class=\"mb-0\">Pro realizaci spole\u010dnosti orientovan\u00e9 na recyklaci a zm\u00edrn\u011bn\u00ed klimatick\u00fdch zm\u011bn pracujeme na vytvo\u0159en\u00ed r\u00e1mc\u016f pro efektivn\u00ed vyu\u017e\u00edv\u00e1n\u00ed zdroj\u016f a stabiln\u00ed dod\u00e1vky obnoviteln\u00e9 energie. T\u00edm dos\u00e1hneme r\u016fstu v souladu s glob\u00e1ln\u00edm \u017eivotn\u00edm prost\u0159ed\u00edm.<\/p>\n<\/div>\n<\/div>\n<\/li>\n<li>\n<div class=\"row _align-md-center\">\n<div class=\"col-4 col-md-3 text-align-center\"><img loading=\"lazy\" decoding=\"async\" class=\"_symbol alignleft\" src=\"http:\/\/www.sgleurope.cz\/wp-content\/uploads\/2021\/09\/265_material-issues_04.png\" alt=\"\" width=\"106\" height=\"106\" \/><\/div>\n<div class=\"col-8 col-md-9\">\n<h4>P\u0159isp\u00edv\u00e1n\u00ed k rozvoji m\u00edstn\u00edch komunit a pr\u016fmyslu<\/h4>\n<p class=\"mb-0\">Soustavn\u011b nakupujeme a poskytujeme zbo\u017e\u00ed a slu\u017eby, kter\u00e9 uspokojuj\u00ed pot\u0159eby lid\u00ed v r\u016fzn\u00fdch zem\u00edch a regionech, a p\u0159isp\u00edv\u00e1me k rozvoji pr\u016fmyslov\u00fdch platforem. T\u011bmito prost\u0159edky vytvo\u0159\u00edme p\u0159\u00edzniv\u00fd cyklus, v n\u011bm\u017e m\u016f\u017eeme r\u016fst a rozv\u00edjet se spole\u010dn\u011b s m\u00edstn\u00edmi komunitami.<\/p>\n<\/div>\n<\/div>\n<\/li>\n<li>\n<div class=\"row _align-md-center\">\n<div class=\"col-4 col-md-3 text-align-center\"><img loading=\"lazy\" decoding=\"async\" class=\"_symbol alignleft\" src=\"http:\/\/www.sgleurope.cz\/wp-content\/uploads\/2021\/09\/265_material-issues_05.png\" width=\"106\" height=\"106\" \/><\/div>\n<div class=\"col-8 col-md-9\">\n<h4>Vytvo\u0159en\u00ed z\u00e1klad\u016f pro pohodln\u00fd a obohacuj\u00edc\u00ed \u017eivotn\u00ed styl<\/h4>\n<p class=\"mb-0\">Sna\u017e\u00edme se realizovat pohodln\u011bj\u0161\u00ed a komfortn\u011bj\u0161\u00ed \u017eivotn\u00ed styl poskytov\u00e1n\u00edm zbo\u017e\u00ed a slu\u017eeb pro ka\u017edodenn\u00ed pou\u017eit\u00ed a z\u00e1rove\u0148 reagovat na pot\u0159eby kvalitn\u00edho \u017eivotn\u00edho stylu s c\u00edlem podpo\u0159it fyzick\u00e9 a du\u0161evn\u00ed zdrav\u00ed lid\u00ed na cel\u00e9m sv\u011bt\u011b.<\/p>\n<\/div>\n<\/div>\n<\/li>\n<li>\n<div class=\"row _align-md-center\">\n<div class=\"col-4 col-md-3 text-align-center\"><img loading=\"lazy\" decoding=\"async\" class=\"_symbol alignleft\" src=\"http:\/\/www.sgleurope.cz\/wp-content\/uploads\/2021\/09\/265_material-issues_06.png\" width=\"106\" height=\"106\" \/><\/div>\n<div class=\"col-8 col-md-9\">\n<h4>Poskytov\u00e1n\u00ed rozmanit\u00e9 &#8222;dostupnosti&#8220;<\/h4>\n<p class=\"mb-0\">Poskytujeme rozmanitou &#8222;dostupnost&#8220;, abychom otev\u0159eli mo\u017enost vytv\u00e1\u0159en\u00ed nov\u00fdch hodnot. Za t\u00edmto \u00fa\u010delem zlep\u0161\u00edme mobilitu pro bezpe\u010dn\u00fd a efektivn\u00ed pohyb osob a zbo\u017e\u00ed a roz\u0161\u00ed\u0159\u00edme s\u00ed\u0165 propojuj\u00edc\u00ed informace a finance.<\/p>\n<\/div>\n<\/div>\n<\/li>\n<\/ul>\n<div id=\"\" class=\"fxb-section \">\n<div class=\"fxb-container\">\n<div class=\"fxb-row\">\n<div class=\"fxb-col-md-12\">\n<h4 class=\"subheading-primary mb-tweak-columnHeading\">Jako p\u0159edpoklad pro \u0159e\u0161en\u00ed v\u00fd\u0161e uveden\u00fdch ot\u00e1zek se sna\u017e\u00edme udr\u017eovat a posilovat n\u00e1\u0161 styl \u0159\u00edzen\u00ed, kter\u00fd klade hlavn\u00ed d\u016fraz na integritu a \u0159\u00e1dn\u00e9 \u0159\u00edzen\u00ed s maxim\u00e1ln\u00ed \u00factou k jednotlivci, a na\u0161i firemn\u00ed kulturu plnou vitality a podporuj\u00edc\u00ed inovace.<\/h4>\n<ul class=\"list-board\">\n<li>\n<div class=\"row _align-md-center\">\n<div class=\"col-4 col-md-3 text-align-center\"><img loading=\"lazy\" decoding=\"async\" class=\"_symbol alignleft\" src=\"http:\/\/www.sgleurope.cz\/wp-content\/uploads\/2021\/09\/265_material-issues_07.png\" width=\"106\" height=\"106\" \/><\/div>\n<div class=\"col-8 col-md-9\">\n<h4>Rozvoj lidsk\u00fdch zdroj\u016f a podpora rozmanitosti<\/h4>\n<p class=\"mb-0\">Abychom vytv\u00e1\u0159eli nov\u00e9 hodnoty a inovace t\u00edm, \u017ee umo\u017en\u00edme na\u0161im r\u016fznorod\u00fdm pracovn\u00edk\u016fm pln\u011b uplatnit sv\u00e9 schopnosti v r\u016fzn\u00fdch oblastech, budeme podporovat rozvoj a posilov\u00e1n\u00ed lidsk\u00fdch zdroj\u016f, kter\u00e9 p\u0159edstavuj\u00ed na\u0161e nejd\u016fle\u017eit\u011bj\u0161\u00ed zdroje \u0159\u00edzen\u00ed.<\/p>\n<\/div>\n<\/div>\n<\/li>\n<li>\n<div class=\"row _align-md-center\">\n<div class=\"col-4 col-md-3 text-align-center\"><img loading=\"lazy\" decoding=\"async\" class=\"_symbol alignleft\" src=\"http:\/\/www.sgleurope.cz\/wp-content\/uploads\/2021\/09\/265_material-issues_08.png\" width=\"106\" height=\"106\" \/><\/div>\n<div class=\"col-8 col-md-9\">\n<h4>Pos\u00edlen\u00ed spr\u00e1vy a \u0159\u00edzen\u00ed<\/h4>\n<p class=\"mb-0\">Zv\u00fd\u0161\u00edme na\u0161i schopnost navrhovat a realizovat strategie pro dosa\u017een\u00ed udr\u017eiteln\u00e9ho r\u016fstu a zaji\u0161\u0165ovat odpov\u00eddaj\u00edc\u00ed dohled nad t\u011bmito strategiemi, a to v\u0161e p\u0159i zachov\u00e1n\u00ed transparentnosti. T\u00edmto zp\u016fsobem zlep\u0161\u00edme efektivitu \u0159\u00edzen\u00ed a zachov\u00e1me \u0159\u00e1dn\u00e9 \u0159\u00edzen\u00ed.<\/p>\n<\/div>\n<\/div>\n<\/li>\n<\/ul>\n<\/div>\n<\/div>\n<\/div>\n<\/div>\n<p><\/p>","protected":false},"excerpt":{"rendered":"<p>S vyu\u017eit\u00edm na\u0161ich vztah\u016f zalo\u017een\u00fdch na d\u016fv\u011b\u0159e se z\u00e1kazn\u00edky a partnery po cel\u00e9m sv\u011bt\u011b a s vyu\u017eit\u00edm na\u0161ich obchodn\u00edch zku\u0161enost\u00ed zajist\u00edme n\u00e1\u0161 r\u016fst a sou\u010dasn\u011b budeme \u0159e\u0161it soci\u00e1ln\u00ed ot\u00e1zky napl\u0148ov\u00e1n\u00edm na\u0161\u00ed firemn\u00ed mise: &#8222;Dosahovat prosperity a uskute\u010d\u0148ovat sny prost\u0159ednictv\u00edm rozumn\u00fdch obchodn\u00edch aktivit.&#8220; Dosa\u017een\u00ed harmonie s glob\u00e1ln\u00edm \u017eivotn\u00edm prost\u0159ed\u00edm Pro realizaci spole\u010dnosti orientovan\u00e9 na recyklaci a zm\u00edrn\u011bn\u00ed klimatick\u00fdch zm\u011bn pracujeme na vytvo\u0159en\u00ed r\u00e1mc\u016f pro efektivn\u00ed vyu\u017e\u00edv\u00e1n\u00ed zdroj\u016f a stabiln\u00ed dod\u00e1vky obnoviteln\u00e9 energie. T\u00edm dos\u00e1hneme r\u016fstu v souladu s glob\u00e1ln\u00edm \u017eivotn\u00edm prost\u0159ed\u00edm. P\u0159isp\u00edv\u00e1n\u00ed k rozvoji m\u00edstn\u00edch komunit a pr\u016fmyslu Soustavn\u011b nakupujeme a poskytujeme zbo\u017e\u00ed a slu\u017eby, kter\u00e9 uspokojuj\u00ed pot\u0159eby lid\u00ed v r\u016fzn\u00fdch zem\u00edch a regionech, a p\u0159isp\u00edv\u00e1me k rozvoji pr\u016fmyslov\u00fdch platforem. T\u011bmito<\/p>\n","protected":false},"author":2,"featured_media":0,"parent":0,"menu_order":0,"comment_status":"closed","ping_status":"closed","template":"","meta":{"footnotes":""},"class_list":["post-540","page","type-page","status-publish","hentry"],"yoast_head":"<!-- This site is optimized with the Yoast SEO plugin v27.5 - https:\/\/yoast.com\/product\/yoast-seo-wordpress\/ -->\n<title>Materi\u00e1ln\u00ed ot\u00e1zky - Sumisho Global Logistics Europe, s. r. o.<\/title>\n<meta name=\"robots\" content=\"index, follow, max-snippet:-1, max-image-preview:large, max-video-preview:-1\" \/>\n<link rel=\"canonical\" href=\"https:\/\/www.sgleurope.cz\/en\/material-issues\/\" \/>\n<meta property=\"og:locale\" content=\"cs_CZ\" \/>\n<meta property=\"og:type\" content=\"article\" \/>\n<meta property=\"og:title\" content=\"[:en]Material Issues[:cs]Materi\u00e1ln\u00ed ot\u00e1zky[:] - Sumisho Global Logistics Europe, s. r. o.\" \/>\n<meta property=\"og:description\" content=\"S vyu\u017eit\u00edm na\u0161ich vztah\u016f zalo\u017een\u00fdch na d\u016fv\u011b\u0159e se z\u00e1kazn\u00edky a partnery po cel\u00e9m sv\u011bt\u011b a s vyu\u017eit\u00edm na\u0161ich obchodn\u00edch zku\u0161enost\u00ed zajist\u00edme n\u00e1\u0161 r\u016fst a sou\u010dasn\u011b budeme \u0159e\u0161it soci\u00e1ln\u00ed ot\u00e1zky napl\u0148ov\u00e1n\u00edm na\u0161\u00ed firemn\u00ed mise: &#8222;Dosahovat prosperity a uskute\u010d\u0148ovat sny prost\u0159ednictv\u00edm rozumn\u00fdch obchodn\u00edch aktivit.&#8220; Dosa\u017een\u00ed harmonie s glob\u00e1ln\u00edm \u017eivotn\u00edm prost\u0159ed\u00edm Pro realizaci spole\u010dnosti orientovan\u00e9 na recyklaci a zm\u00edrn\u011bn\u00ed klimatick\u00fdch zm\u011bn pracujeme na vytvo\u0159en\u00ed r\u00e1mc\u016f pro efektivn\u00ed vyu\u017e\u00edv\u00e1n\u00ed zdroj\u016f a stabiln\u00ed dod\u00e1vky obnoviteln\u00e9 energie. T\u00edm dos\u00e1hneme r\u016fstu v souladu s glob\u00e1ln\u00edm \u017eivotn\u00edm prost\u0159ed\u00edm. P\u0159isp\u00edv\u00e1n\u00ed k rozvoji m\u00edstn\u00edch komunit a pr\u016fmyslu Soustavn\u011b nakupujeme a poskytujeme zbo\u017e\u00ed a slu\u017eby, kter\u00e9 uspokojuj\u00ed pot\u0159eby lid\u00ed v r\u016fzn\u00fdch zem\u00edch a regionech, a p\u0159isp\u00edv\u00e1me k rozvoji pr\u016fmyslov\u00fdch platforem. T\u011bmito\" \/>\n<meta property=\"og:url\" content=\"https:\/\/www.sgleurope.cz\/en\/material-issues\/\" \/>\n<meta property=\"og:site_name\" content=\"Sumisho Global Logistics Europe, s. r. o.\" \/>\n<meta property=\"og:image\" content=\"http:\/\/www.sgleurope.cz\/wp-content\/uploads\/2021\/09\/265_material-issues_03.png\" \/>\n<meta name=\"twitter:card\" content=\"summary_large_image\" \/>\n<meta name=\"twitter:label1\" content=\"Odhadovan\u00e1 doba \u010dten\u00ed\" \/>\n\t<meta name=\"twitter:data1\" content=\"3 minuty\" \/>\n<script type=\"application\/ld+json\" class=\"yoast-schema-graph\">{\"@context\":\"https:\\\/\\\/schema.org\",\"@graph\":[{\"@type\":\"WebPage\",\"@id\":\"https:\\\/\\\/www.sgleurope.cz\\\/en\\\/material-issues\\\/\",\"url\":\"https:\\\/\\\/www.sgleurope.cz\\\/en\\\/material-issues\\\/\",\"name\":\"[:en]Material Issues[:cs]Materi\u00e1ln\u00ed ot\u00e1zky[:] - Sumisho Global Logistics Europe, s. r. o.\",\"isPartOf\":{\"@id\":\"https:\\\/\\\/www.sgleurope.cz\\\/en\\\/#website\"},\"primaryImageOfPage\":{\"@id\":\"https:\\\/\\\/www.sgleurope.cz\\\/en\\\/material-issues\\\/#primaryimage\"},\"image\":{\"@id\":\"https:\\\/\\\/www.sgleurope.cz\\\/en\\\/material-issues\\\/#primaryimage\"},\"thumbnailUrl\":\"http:\\\/\\\/www.sgleurope.cz\\\/wp-content\\\/uploads\\\/2021\\\/09\\\/265_material-issues_03.png\",\"datePublished\":\"2021-09-23T08:56:50+00:00\",\"breadcrumb\":{\"@id\":\"https:\\\/\\\/www.sgleurope.cz\\\/en\\\/material-issues\\\/#breadcrumb\"},\"inLanguage\":\"cs\",\"potentialAction\":[{\"@type\":\"ReadAction\",\"target\":[\"https:\\\/\\\/www.sgleurope.cz\\\/en\\\/material-issues\\\/\"]}]},{\"@type\":\"ImageObject\",\"inLanguage\":\"cs\",\"@id\":\"https:\\\/\\\/www.sgleurope.cz\\\/en\\\/material-issues\\\/#primaryimage\",\"url\":\"http:\\\/\\\/www.sgleurope.cz\\\/wp-content\\\/uploads\\\/2021\\\/09\\\/265_material-issues_03.png\",\"contentUrl\":\"http:\\\/\\\/www.sgleurope.cz\\\/wp-content\\\/uploads\\\/2021\\\/09\\\/265_material-issues_03.png\"},{\"@type\":\"BreadcrumbList\",\"@id\":\"https:\\\/\\\/www.sgleurope.cz\\\/en\\\/material-issues\\\/#breadcrumb\",\"itemListElement\":[{\"@type\":\"ListItem\",\"position\":1,\"name\":\"Home\",\"item\":\"https:\\\/\\\/www.sgleurope.cz\\\/en\\\/\"},{\"@type\":\"ListItem\",\"position\":2,\"name\":\"Material Issues\"}]},{\"@type\":\"WebSite\",\"@id\":\"https:\\\/\\\/www.sgleurope.cz\\\/en\\\/#website\",\"url\":\"https:\\\/\\\/www.sgleurope.cz\\\/en\\\/\",\"name\":\"Sumisho Global Logistics Europe, s. r. o.\",\"description\":\"Sumisho Global Logistics Europe, s. r. o.\",\"alternateName\":\"SGL\",\"potentialAction\":[{\"@type\":\"SearchAction\",\"target\":{\"@type\":\"EntryPoint\",\"urlTemplate\":\"https:\\\/\\\/www.sgleurope.cz\\\/en\\\/?s={search_term_string}\"},\"query-input\":{\"@type\":\"PropertyValueSpecification\",\"valueRequired\":true,\"valueName\":\"search_term_string\"}}],\"inLanguage\":\"cs\"}]}<\/script>\n<!-- \/ Yoast SEO plugin. -->","yoast_head_json":{"title":"[:en]Material Issues[:cs]Materi\u00e1ln\u00ed ot\u00e1zky[:] - Sumisho Global Logistics Europe, s. r. o.","robots":{"index":"index","follow":"follow","max-snippet":"max-snippet:-1","max-image-preview":"max-image-preview:large","max-video-preview":"max-video-preview:-1"},"canonical":"https:\/\/www.sgleurope.cz\/en\/material-issues\/","og_locale":"cs_CZ","og_type":"article","og_title":"[:en]Material Issues[:cs]Materi\u00e1ln\u00ed ot\u00e1zky[:] - Sumisho Global Logistics Europe, s. r. o.","og_description":"S vyu\u017eit\u00edm na\u0161ich vztah\u016f zalo\u017een\u00fdch na d\u016fv\u011b\u0159e se z\u00e1kazn\u00edky a partnery po cel\u00e9m sv\u011bt\u011b a s vyu\u017eit\u00edm na\u0161ich obchodn\u00edch zku\u0161enost\u00ed zajist\u00edme n\u00e1\u0161 r\u016fst a sou\u010dasn\u011b budeme \u0159e\u0161it soci\u00e1ln\u00ed ot\u00e1zky napl\u0148ov\u00e1n\u00edm na\u0161\u00ed firemn\u00ed mise: &#8222;Dosahovat prosperity a uskute\u010d\u0148ovat sny prost\u0159ednictv\u00edm rozumn\u00fdch obchodn\u00edch aktivit.&#8220; Dosa\u017een\u00ed harmonie s glob\u00e1ln\u00edm \u017eivotn\u00edm prost\u0159ed\u00edm Pro realizaci spole\u010dnosti orientovan\u00e9 na recyklaci a zm\u00edrn\u011bn\u00ed klimatick\u00fdch zm\u011bn pracujeme na vytvo\u0159en\u00ed r\u00e1mc\u016f pro efektivn\u00ed vyu\u017e\u00edv\u00e1n\u00ed zdroj\u016f a stabiln\u00ed dod\u00e1vky obnoviteln\u00e9 energie. T\u00edm dos\u00e1hneme r\u016fstu v souladu s glob\u00e1ln\u00edm \u017eivotn\u00edm prost\u0159ed\u00edm. P\u0159isp\u00edv\u00e1n\u00ed k rozvoji m\u00edstn\u00edch komunit a pr\u016fmyslu Soustavn\u011b nakupujeme a poskytujeme zbo\u017e\u00ed a slu\u017eby, kter\u00e9 uspokojuj\u00ed pot\u0159eby lid\u00ed v r\u016fzn\u00fdch zem\u00edch a regionech, a p\u0159isp\u00edv\u00e1me k rozvoji pr\u016fmyslov\u00fdch platforem. T\u011bmito","og_url":"https:\/\/www.sgleurope.cz\/en\/material-issues\/","og_site_name":"Sumisho Global Logistics Europe, s. r. o.","og_image":[{"url":"http:\/\/www.sgleurope.cz\/wp-content\/uploads\/2021\/09\/265_material-issues_03.png","type":"","width":"","height":""}],"twitter_card":"summary_large_image","twitter_misc":{"Odhadovan\u00e1 doba \u010dten\u00ed":"3 minuty"},"schema":{"@context":"https:\/\/schema.org","@graph":[{"@type":"WebPage","@id":"https:\/\/www.sgleurope.cz\/en\/material-issues\/","url":"https:\/\/www.sgleurope.cz\/en\/material-issues\/","name":"[:en]Material Issues[:cs]Materi\u00e1ln\u00ed ot\u00e1zky[:] - Sumisho Global Logistics Europe, s. r. o.","isPartOf":{"@id":"https:\/\/www.sgleurope.cz\/en\/#website"},"primaryImageOfPage":{"@id":"https:\/\/www.sgleurope.cz\/en\/material-issues\/#primaryimage"},"image":{"@id":"https:\/\/www.sgleurope.cz\/en\/material-issues\/#primaryimage"},"thumbnailUrl":"http:\/\/www.sgleurope.cz\/wp-content\/uploads\/2021\/09\/265_material-issues_03.png","datePublished":"2021-09-23T08:56:50+00:00","breadcrumb":{"@id":"https:\/\/www.sgleurope.cz\/en\/material-issues\/#breadcrumb"},"inLanguage":"cs","potentialAction":[{"@type":"ReadAction","target":["https:\/\/www.sgleurope.cz\/en\/material-issues\/"]}]},{"@type":"ImageObject","inLanguage":"cs","@id":"https:\/\/www.sgleurope.cz\/en\/material-issues\/#primaryimage","url":"http:\/\/www.sgleurope.cz\/wp-content\/uploads\/2021\/09\/265_material-issues_03.png","contentUrl":"http:\/\/www.sgleurope.cz\/wp-content\/uploads\/2021\/09\/265_material-issues_03.png"},{"@type":"BreadcrumbList","@id":"https:\/\/www.sgleurope.cz\/en\/material-issues\/#breadcrumb","itemListElement":[{"@type":"ListItem","position":1,"name":"Home","item":"https:\/\/www.sgleurope.cz\/en\/"},{"@type":"ListItem","position":2,"name":"Material Issues"}]},{"@type":"WebSite","@id":"https:\/\/www.sgleurope.cz\/en\/#website","url":"https:\/\/www.sgleurope.cz\/en\/","name":"Sumisho Global Logistics Europe, s. r. o.","description":"Sumisho Global Logistics Europe, s. r. o.","alternateName":"SGL","potentialAction":[{"@type":"SearchAction","target":{"@type":"EntryPoint","urlTemplate":"https:\/\/www.sgleurope.cz\/en\/?s={search_term_string}"},"query-input":{"@type":"PropertyValueSpecification","valueRequired":true,"valueName":"search_term_string"}}],"inLanguage":"cs"}]}},"_links":{"self":[{"href":"https:\/\/www.sgleurope.cz\/cs\/wp-json\/wp\/v2\/pages\/540","targetHints":{"allow":["GET"]}}],"collection":[{"href":"https:\/\/www.sgleurope.cz\/cs\/wp-json\/wp\/v2\/pages"}],"about":[{"href":"https:\/\/www.sgleurope.cz\/cs\/wp-json\/wp\/v2\/types\/page"}],"author":[{"embeddable":true,"href":"https:\/\/www.sgleurope.cz\/cs\/wp-json\/wp\/v2\/users\/2"}],"replies":[{"embeddable":true,"href":"https:\/\/www.sgleurope.cz\/cs\/wp-json\/wp\/v2\/comments?post=540"}],"version-history":[{"count":13,"href":"https:\/\/www.sgleurope.cz\/cs\/wp-json\/wp\/v2\/pages\/540\/revisions"}],"predecessor-version":[{"id":559,"href":"https:\/\/www.sgleurope.cz\/cs\/wp-json\/wp\/v2\/pages\/540\/revisions\/559"}],"wp:attachment":[{"href":"https:\/\/www.sgleurope.cz\/cs\/wp-json\/wp\/v2\/media?parent=540"}],"curies":[{"name":"wp","href":"https:\/\/api.w.org\/{rel}","templated":true}]}}