{"id":5,"date":"2018-03-02T10:00:40","date_gmt":"2018-03-02T09:00:40","guid":{"rendered":"http:\/\/www.sgleurope.cz\/?page_id=5"},"modified":"2020-05-20T08:11:57","modified_gmt":"2020-05-20T06:11:57","slug":"front-page","status":"publish","type":"page","link":"https:\/\/www.sgleurope.cz\/cs\/","title":{"rendered":"Sumisho Global Logistics Europe s.r.o."},"content":{"rendered":"<p><\/p>\n<div class=\"front-page\">\n<h2><i class=\"fas fa-minus green\"><\/i>Na\u0161e slu\u017eby<\/h2>\n<div class=\"columns-3\">\n<div class=\"column\">\n<h3><i class=\"fas fa-caret-square-right green\"><\/i>Logistick\u00e9 centrum\/sklad<\/h3>\n<p><a href=\"https:\/\/www.sgleurope.cz\/cs\/our-services\/logistics-center-warehouse\/\"><img loading=\"lazy\" decoding=\"async\" class=\"aligncenter size-full wp-image-122\" src=\"http:\/\/www.sgleurope.cz\/wp-content\/uploads\/2018\/03\/front_01.jpg\" alt=\"Logistics Centre\/Warehouse\" width=\"960\" height=\"720\" \/><\/a><\/p>\n<\/div>\n<div class=\"column\">\n<h3><i class=\"fas fa-caret-square-right green\"><\/i>Mezin\u00e1rodn\u00ed logistika<\/h3>\n<p><a href=\"https:\/\/www.sgleurope.cz\/cs\/our-services\/international-logistics\/\"><img loading=\"lazy\" decoding=\"async\" class=\"aligncenter size-full wp-image-152\" src=\"http:\/\/www.sgleurope.cz\/wp-content\/uploads\/2018\/03\/front_02-2.jpg\" alt=\"International Logistics\" width=\"960\" height=\"640\" srcset=\"https:\/\/www.sgleurope.cz\/wp-content\/uploads\/2018\/03\/front_02-2.jpg 960w, https:\/\/www.sgleurope.cz\/wp-content\/uploads\/2018\/03\/front_02-2-300x200.jpg 300w, https:\/\/www.sgleurope.cz\/wp-content\/uploads\/2018\/03\/front_02-2-768x512.jpg 768w\" sizes=\"auto, (max-width: 960px) 100vw, 960px\" \/><\/a><\/p>\n<\/div>\n<div class=\"column\">\n<h3><i class=\"fas fa-caret-square-right green\"><\/i>Logistick\u00e9 poradenstv\u00ed<\/h3>\n<p><a href=\"https:\/\/www.sgleurope.cz\/cs\/our-services\/logistics-consulting\/\"><img loading=\"lazy\" decoding=\"async\" class=\"aligncenter size-full wp-image-123\" src=\"http:\/\/www.sgleurope.cz\/wp-content\/uploads\/2018\/03\/front_03.jpg\" alt=\"Logistics Consulting\" width=\"960\" height=\"640\" srcset=\"https:\/\/www.sgleurope.cz\/wp-content\/uploads\/2018\/03\/front_03.jpg 960w, https:\/\/www.sgleurope.cz\/wp-content\/uploads\/2018\/03\/front_03-300x200.jpg 300w, https:\/\/www.sgleurope.cz\/wp-content\/uploads\/2018\/03\/front_03-768x512.jpg 768w\" sizes=\"auto, (max-width: 960px) 100vw, 960px\" \/><\/a><\/p>\n<\/div>\n<\/div>\n<\/div>\n<p><\/p>","protected":false},"excerpt":{"rendered":"<p>Na\u0161e slu\u017eby Logistick\u00e9 centrum\/sklad Mezin\u00e1rodn\u00ed logistika Logistick\u00e9 poradenstv\u00ed<\/p>\n","protected":false},"author":2,"featured_media":0,"parent":0,"menu_order":0,"comment_status":"closed","ping_status":"closed","template":"","meta":{"footnotes":""},"class_list":["post-5","page","type-page","status-publish","hentry"],"yoast_head":"<!-- This site is optimized with the Yoast SEO plugin v27.5 - https:\/\/yoast.com\/product\/yoast-seo-wordpress\/ -->\n<title>Sumisho Global Logistics Europe s.r.o. - Sumisho Global Logistics Europe, s. r. o.<\/title>\n<meta name=\"robots\" content=\"index, follow, max-snippet:-1, max-image-preview:large, max-video-preview:-1\" \/>\n<link rel=\"canonical\" href=\"https:\/\/www.sgleurope.cz\/en\/\" \/>\n<meta property=\"og:locale\" content=\"cs_CZ\" \/>\n<meta property=\"og:type\" content=\"article\" \/>\n<meta property=\"og:title\" content=\"Sumisho Global Logistics Europe s.r.o. - Sumisho Global Logistics Europe, s. r. o.\" \/>\n<meta property=\"og:description\" content=\"Na\u0161e slu\u017eby Logistick\u00e9 centrum\/sklad Mezin\u00e1rodn\u00ed logistika Logistick\u00e9 poradenstv\u00ed\" \/>\n<meta property=\"og:url\" content=\"https:\/\/www.sgleurope.cz\/en\/\" \/>\n<meta property=\"og:site_name\" content=\"Sumisho Global Logistics Europe, s. r. o.\" \/>\n<meta property=\"article:modified_time\" content=\"2020-05-20T06:11:57+00:00\" \/>\n<meta property=\"og:image\" content=\"http:\/\/www.sgleurope.cz\/wp-content\/uploads\/2018\/03\/front_01.jpg\" \/>\n<meta name=\"twitter:card\" content=\"summary_large_image\" \/>\n<script type=\"application\/ld+json\" class=\"yoast-schema-graph\">{\"@context\":\"https:\\\/\\\/schema.org\",\"@graph\":[{\"@type\":\"WebPage\",\"@id\":\"https:\\\/\\\/www.sgleurope.cz\\\/en\\\/\",\"url\":\"https:\\\/\\\/www.sgleurope.cz\\\/en\\\/\",\"name\":\"Sumisho Global Logistics Europe s.r.o. - Sumisho Global Logistics Europe, s. r. o.\",\"isPartOf\":{\"@id\":\"https:\\\/\\\/www.sgleurope.cz\\\/en\\\/#website\"},\"primaryImageOfPage\":{\"@id\":\"https:\\\/\\\/www.sgleurope.cz\\\/en\\\/#primaryimage\"},\"image\":{\"@id\":\"https:\\\/\\\/www.sgleurope.cz\\\/en\\\/#primaryimage\"},\"thumbnailUrl\":\"http:\\\/\\\/www.sgleurope.cz\\\/wp-content\\\/uploads\\\/2018\\\/03\\\/front_01.jpg\",\"datePublished\":\"2018-03-02T09:00:40+00:00\",\"dateModified\":\"2020-05-20T06:11:57+00:00\",\"breadcrumb\":{\"@id\":\"https:\\\/\\\/www.sgleurope.cz\\\/en\\\/#breadcrumb\"},\"inLanguage\":\"cs\",\"potentialAction\":[{\"@type\":\"ReadAction\",\"target\":[\"https:\\\/\\\/www.sgleurope.cz\\\/en\\\/\"]}]},{\"@type\":\"ImageObject\",\"inLanguage\":\"cs\",\"@id\":\"https:\\\/\\\/www.sgleurope.cz\\\/en\\\/#primaryimage\",\"url\":\"http:\\\/\\\/www.sgleurope.cz\\\/wp-content\\\/uploads\\\/2018\\\/03\\\/front_01.jpg\",\"contentUrl\":\"http:\\\/\\\/www.sgleurope.cz\\\/wp-content\\\/uploads\\\/2018\\\/03\\\/front_01.jpg\"},{\"@type\":\"BreadcrumbList\",\"@id\":\"https:\\\/\\\/www.sgleurope.cz\\\/en\\\/#breadcrumb\",\"itemListElement\":[{\"@type\":\"ListItem\",\"position\":1,\"name\":\"Home\",\"item\":\"https:\\\/\\\/www.sgleurope.cz\\\/en\\\/\"},{\"@type\":\"ListItem\",\"position\":2,\"name\":\"Sumisho Global Logistics Europe s.r.o.\"}]},{\"@type\":\"WebSite\",\"@id\":\"https:\\\/\\\/www.sgleurope.cz\\\/en\\\/#website\",\"url\":\"https:\\\/\\\/www.sgleurope.cz\\\/en\\\/\",\"name\":\"Sumisho Global Logistics Europe, s. r. o.\",\"description\":\"Sumisho Global Logistics Europe, s. r. o.\",\"alternateName\":\"SGL\",\"potentialAction\":[{\"@type\":\"SearchAction\",\"target\":{\"@type\":\"EntryPoint\",\"urlTemplate\":\"https:\\\/\\\/www.sgleurope.cz\\\/en\\\/?s={search_term_string}\"},\"query-input\":{\"@type\":\"PropertyValueSpecification\",\"valueRequired\":true,\"valueName\":\"search_term_string\"}}],\"inLanguage\":\"cs\"}]}<\/script>\n<!-- \/ Yoast SEO plugin. -->","yoast_head_json":{"title":"Sumisho Global Logistics Europe s.r.o. - Sumisho Global Logistics Europe, s. r. o.","robots":{"index":"index","follow":"follow","max-snippet":"max-snippet:-1","max-image-preview":"max-image-preview:large","max-video-preview":"max-video-preview:-1"},"canonical":"https:\/\/www.sgleurope.cz\/en\/","og_locale":"cs_CZ","og_type":"article","og_title":"Sumisho Global Logistics Europe s.r.o. - Sumisho Global Logistics Europe, s. r. o.","og_description":"Na\u0161e slu\u017eby Logistick\u00e9 centrum\/sklad Mezin\u00e1rodn\u00ed logistika Logistick\u00e9 poradenstv\u00ed","og_url":"https:\/\/www.sgleurope.cz\/en\/","og_site_name":"Sumisho Global Logistics Europe, s. r. o.","article_modified_time":"2020-05-20T06:11:57+00:00","og_image":[{"url":"http:\/\/www.sgleurope.cz\/wp-content\/uploads\/2018\/03\/front_01.jpg","type":"","width":"","height":""}],"twitter_card":"summary_large_image","schema":{"@context":"https:\/\/schema.org","@graph":[{"@type":"WebPage","@id":"https:\/\/www.sgleurope.cz\/en\/","url":"https:\/\/www.sgleurope.cz\/en\/","name":"Sumisho Global Logistics Europe s.r.o. - Sumisho Global Logistics Europe, s. r. o.","isPartOf":{"@id":"https:\/\/www.sgleurope.cz\/en\/#website"},"primaryImageOfPage":{"@id":"https:\/\/www.sgleurope.cz\/en\/#primaryimage"},"image":{"@id":"https:\/\/www.sgleurope.cz\/en\/#primaryimage"},"thumbnailUrl":"http:\/\/www.sgleurope.cz\/wp-content\/uploads\/2018\/03\/front_01.jpg","datePublished":"2018-03-02T09:00:40+00:00","dateModified":"2020-05-20T06:11:57+00:00","breadcrumb":{"@id":"https:\/\/www.sgleurope.cz\/en\/#breadcrumb"},"inLanguage":"cs","potentialAction":[{"@type":"ReadAction","target":["https:\/\/www.sgleurope.cz\/en\/"]}]},{"@type":"ImageObject","inLanguage":"cs","@id":"https:\/\/www.sgleurope.cz\/en\/#primaryimage","url":"http:\/\/www.sgleurope.cz\/wp-content\/uploads\/2018\/03\/front_01.jpg","contentUrl":"http:\/\/www.sgleurope.cz\/wp-content\/uploads\/2018\/03\/front_01.jpg"},{"@type":"BreadcrumbList","@id":"https:\/\/www.sgleurope.cz\/en\/#breadcrumb","itemListElement":[{"@type":"ListItem","position":1,"name":"Home","item":"https:\/\/www.sgleurope.cz\/en\/"},{"@type":"ListItem","position":2,"name":"Sumisho Global Logistics Europe s.r.o."}]},{"@type":"WebSite","@id":"https:\/\/www.sgleurope.cz\/en\/#website","url":"https:\/\/www.sgleurope.cz\/en\/","name":"Sumisho Global Logistics Europe, s. r. o.","description":"Sumisho Global Logistics Europe, s. r. o.","alternateName":"SGL","potentialAction":[{"@type":"SearchAction","target":{"@type":"EntryPoint","urlTemplate":"https:\/\/www.sgleurope.cz\/en\/?s={search_term_string}"},"query-input":{"@type":"PropertyValueSpecification","valueRequired":true,"valueName":"search_term_string"}}],"inLanguage":"cs"}]}},"_links":{"self":[{"href":"https:\/\/www.sgleurope.cz\/cs\/wp-json\/wp\/v2\/pages\/5","targetHints":{"allow":["GET"]}}],"collection":[{"href":"https:\/\/www.sgleurope.cz\/cs\/wp-json\/wp\/v2\/pages"}],"about":[{"href":"https:\/\/www.sgleurope.cz\/cs\/wp-json\/wp\/v2\/types\/page"}],"author":[{"embeddable":true,"href":"https:\/\/www.sgleurope.cz\/cs\/wp-json\/wp\/v2\/users\/2"}],"replies":[{"embeddable":true,"href":"https:\/\/www.sgleurope.cz\/cs\/wp-json\/wp\/v2\/comments?post=5"}],"version-history":[{"count":49,"href":"https:\/\/www.sgleurope.cz\/cs\/wp-json\/wp\/v2\/pages\/5\/revisions"}],"predecessor-version":[{"id":514,"href":"https:\/\/www.sgleurope.cz\/cs\/wp-json\/wp\/v2\/pages\/5\/revisions\/514"}],"wp:attachment":[{"href":"https:\/\/www.sgleurope.cz\/cs\/wp-json\/wp\/v2\/media?parent=5"}],"curies":[{"name":"wp","href":"https:\/\/api.w.org\/{rel}","templated":true}]}}