{"id":220,"date":"2018-05-08T15:40:52","date_gmt":"2018-05-08T14:40:52","guid":{"rendered":"http:\/\/www.sgleurope.cz\/?page_id=220"},"modified":"2020-05-06T09:01:50","modified_gmt":"2020-05-06T07:01:50","slug":"privacy-policy","status":"publish","type":"page","link":"https:\/\/www.sgleurope.cz\/cs\/privacy-policy\/","title":{"rendered":"Z\u00e1sady ochrany osobn\u00edch \u00fadaj\u016f"},"content":{"rendered":"<h2>Sumisho Global Logistics Europe Website Privacy Policy<\/h2>\n<p>Sumisho Global Logistics Europe is sensitive to Internet privacy issues. This website protects the privacy of its visitors by adhering to the European Union General Data Protection Regulation (GDPR).<\/p>\n<p><strong>Personal Information<\/strong><\/p>\n<p>When you visit our website (<a href=\"http:\/\/www.sgleurope.cz\">www.sgleurope.cz<\/a>) we will not capture any information about you via the use of cookies. This website does neither use tracking tools nor web analytics.<\/p>\n<p><strong>Business Relationships<\/strong><\/p>\n<p>The Sumisho Global Logistics Europe Website contains links to other Websites. However, Sumisho Global Logistics Europe is not responsible for the privacy practices or the content of such Websites. For further details please refer our <a href=\"http:\/\/www.sgleurope.cz\/terms-and-conditions\/\">Terms &amp; Conditions<\/a>.<\/p>\n","protected":false},"excerpt":{"rendered":"<p>Sumisho Global Logistics Europe Website Privacy Policy Sumisho Global Logistics Europe is sensitive to Internet privacy issues. This website protects the privacy of its visitors by adhering to the European Union General Data Protection Regulation (GDPR). Personal Information When you visit our website (www.sgleurope.cz) we will not capture any information about you via the use of cookies. This website does neither use tracking tools nor web analytics. Business Relationships The Sumisho Global Logistics Europe Website contains links to other Websites. However, Sumisho Global Logistics Europe is not responsible for the privacy practices or the content of such Websites. For further details please refer our Terms &amp; Conditions.<\/p>\n","protected":false},"author":2,"featured_media":0,"parent":0,"menu_order":0,"comment_status":"closed","ping_status":"closed","template":"","meta":{"footnotes":""},"class_list":["post-220","page","type-page","status-publish","hentry"],"yoast_head":"<!-- This site is optimized with the Yoast SEO plugin v27.5 - https:\/\/yoast.com\/product\/yoast-seo-wordpress\/ -->\n<title>Z\u00e1sady ochrany osobn\u00edch \u00fadaj\u016f - Sumisho Global Logistics Europe, s. r. o.<\/title>\n<meta name=\"robots\" content=\"index, follow, max-snippet:-1, max-image-preview:large, max-video-preview:-1\" \/>\n<link rel=\"canonical\" href=\"https:\/\/www.sgleurope.cz\/en\/privacy-policy\/\" \/>\n<meta property=\"og:locale\" content=\"cs_CZ\" \/>\n<meta property=\"og:type\" content=\"article\" \/>\n<meta property=\"og:title\" content=\"[:en]Privacy Policy[:de]Datenschutzrichtlinie[:ja]Privacy Policy[:cs]Z\u00e1sady ochrany osobn\u00edch \u00fadaj\u016f[:] - Sumisho Global Logistics Europe, s. r. o.\" \/>\n<meta property=\"og:description\" content=\"Sumisho Global Logistics Europe Website Privacy Policy Sumisho Global Logistics Europe is sensitive to Internet privacy issues. This website protects the privacy of its visitors by adhering to the European Union General Data Protection Regulation (GDPR). Personal Information When you visit our website (www.sgleurope.cz) we will not capture any information about you via the use of cookies. This website does neither use tracking tools nor web analytics. Business Relationships The Sumisho Global Logistics Europe Website contains links to other Websites. However, Sumisho Global Logistics Europe is not responsible for the privacy practices or the content of such Websites. For further details please refer our Terms &amp; Conditions.\" \/>\n<meta property=\"og:url\" content=\"https:\/\/www.sgleurope.cz\/en\/privacy-policy\/\" \/>\n<meta property=\"og:site_name\" content=\"Sumisho Global Logistics Europe, s. r. o.\" \/>\n<meta property=\"article:modified_time\" content=\"2020-05-06T07:01:50+00:00\" \/>\n<meta property=\"og:image\" content=\"https:\/\/www.sgleurope.cz\/wp-content\/uploads\/2018\/03\/logo_sgle.jpg\" \/>\n\t<meta property=\"og:image:width\" content=\"426\" \/>\n\t<meta property=\"og:image:height\" content=\"238\" \/>\n\t<meta property=\"og:image:type\" content=\"image\/jpeg\" \/>\n<meta name=\"twitter:card\" content=\"summary_large_image\" \/>\n<meta name=\"twitter:label1\" content=\"Odhadovan\u00e1 doba \u010dten\u00ed\" \/>\n\t<meta name=\"twitter:data1\" content=\"1 minuta\" \/>\n<script type=\"application\/ld+json\" class=\"yoast-schema-graph\">{\"@context\":\"https:\\\/\\\/schema.org\",\"@graph\":[{\"@type\":\"WebPage\",\"@id\":\"https:\\\/\\\/www.sgleurope.cz\\\/en\\\/privacy-policy\\\/\",\"url\":\"https:\\\/\\\/www.sgleurope.cz\\\/en\\\/privacy-policy\\\/\",\"name\":\"[:en]Privacy Policy[:de]Datenschutzrichtlinie[:ja]Privacy Policy[:cs]Z\u00e1sady ochrany osobn\u00edch \u00fadaj\u016f[:] - Sumisho Global Logistics Europe, s. r. o.\",\"isPartOf\":{\"@id\":\"https:\\\/\\\/www.sgleurope.cz\\\/en\\\/#website\"},\"datePublished\":\"2018-05-08T14:40:52+00:00\",\"dateModified\":\"2020-05-06T07:01:50+00:00\",\"breadcrumb\":{\"@id\":\"https:\\\/\\\/www.sgleurope.cz\\\/en\\\/privacy-policy\\\/#breadcrumb\"},\"inLanguage\":\"cs\",\"potentialAction\":[{\"@type\":\"ReadAction\",\"target\":[\"https:\\\/\\\/www.sgleurope.cz\\\/en\\\/privacy-policy\\\/\"]}]},{\"@type\":\"BreadcrumbList\",\"@id\":\"https:\\\/\\\/www.sgleurope.cz\\\/en\\\/privacy-policy\\\/#breadcrumb\",\"itemListElement\":[{\"@type\":\"ListItem\",\"position\":1,\"name\":\"Home\",\"item\":\"https:\\\/\\\/www.sgleurope.cz\\\/en\\\/\"},{\"@type\":\"ListItem\",\"position\":2,\"name\":\"Privacy Policy\"}]},{\"@type\":\"WebSite\",\"@id\":\"https:\\\/\\\/www.sgleurope.cz\\\/en\\\/#website\",\"url\":\"https:\\\/\\\/www.sgleurope.cz\\\/en\\\/\",\"name\":\"Sumisho Global Logistics Europe, s. r. o.\",\"description\":\"Sumisho Global Logistics Europe, s. r. o.\",\"alternateName\":\"SGL\",\"potentialAction\":[{\"@type\":\"SearchAction\",\"target\":{\"@type\":\"EntryPoint\",\"urlTemplate\":\"https:\\\/\\\/www.sgleurope.cz\\\/en\\\/?s={search_term_string}\"},\"query-input\":{\"@type\":\"PropertyValueSpecification\",\"valueRequired\":true,\"valueName\":\"search_term_string\"}}],\"inLanguage\":\"cs\"}]}<\/script>\n<!-- \/ Yoast SEO plugin. -->","yoast_head_json":{"title":"[:en]Privacy Policy[:de]Datenschutzrichtlinie[:ja]Privacy Policy[:cs]Z\u00e1sady ochrany osobn\u00edch \u00fadaj\u016f[:] - Sumisho Global Logistics Europe, s. r. o.","robots":{"index":"index","follow":"follow","max-snippet":"max-snippet:-1","max-image-preview":"max-image-preview:large","max-video-preview":"max-video-preview:-1"},"canonical":"https:\/\/www.sgleurope.cz\/en\/privacy-policy\/","og_locale":"cs_CZ","og_type":"article","og_title":"[:en]Privacy Policy[:de]Datenschutzrichtlinie[:ja]Privacy Policy[:cs]Z\u00e1sady ochrany osobn\u00edch \u00fadaj\u016f[:] - Sumisho Global Logistics Europe, s. r. o.","og_description":"Sumisho Global Logistics Europe Website Privacy Policy Sumisho Global Logistics Europe is sensitive to Internet privacy issues. This website protects the privacy of its visitors by adhering to the European Union General Data Protection Regulation (GDPR). Personal Information When you visit our website (www.sgleurope.cz) we will not capture any information about you via the use of cookies. This website does neither use tracking tools nor web analytics. Business Relationships The Sumisho Global Logistics Europe Website contains links to other Websites. However, Sumisho Global Logistics Europe is not responsible for the privacy practices or the content of such Websites. For further details please refer our Terms &amp; Conditions.","og_url":"https:\/\/www.sgleurope.cz\/en\/privacy-policy\/","og_site_name":"Sumisho Global Logistics Europe, s. r. o.","article_modified_time":"2020-05-06T07:01:50+00:00","og_image":[{"width":426,"height":238,"url":"https:\/\/www.sgleurope.cz\/wp-content\/uploads\/2018\/03\/logo_sgle.jpg","type":"image\/jpeg"}],"twitter_card":"summary_large_image","twitter_misc":{"Odhadovan\u00e1 doba \u010dten\u00ed":"1 minuta"},"schema":{"@context":"https:\/\/schema.org","@graph":[{"@type":"WebPage","@id":"https:\/\/www.sgleurope.cz\/en\/privacy-policy\/","url":"https:\/\/www.sgleurope.cz\/en\/privacy-policy\/","name":"[:en]Privacy Policy[:de]Datenschutzrichtlinie[:ja]Privacy Policy[:cs]Z\u00e1sady ochrany osobn\u00edch \u00fadaj\u016f[:] - Sumisho Global Logistics Europe, s. r. o.","isPartOf":{"@id":"https:\/\/www.sgleurope.cz\/en\/#website"},"datePublished":"2018-05-08T14:40:52+00:00","dateModified":"2020-05-06T07:01:50+00:00","breadcrumb":{"@id":"https:\/\/www.sgleurope.cz\/en\/privacy-policy\/#breadcrumb"},"inLanguage":"cs","potentialAction":[{"@type":"ReadAction","target":["https:\/\/www.sgleurope.cz\/en\/privacy-policy\/"]}]},{"@type":"BreadcrumbList","@id":"https:\/\/www.sgleurope.cz\/en\/privacy-policy\/#breadcrumb","itemListElement":[{"@type":"ListItem","position":1,"name":"Home","item":"https:\/\/www.sgleurope.cz\/en\/"},{"@type":"ListItem","position":2,"name":"Privacy Policy"}]},{"@type":"WebSite","@id":"https:\/\/www.sgleurope.cz\/en\/#website","url":"https:\/\/www.sgleurope.cz\/en\/","name":"Sumisho Global Logistics Europe, s. r. o.","description":"Sumisho Global Logistics Europe, s. r. o.","alternateName":"SGL","potentialAction":[{"@type":"SearchAction","target":{"@type":"EntryPoint","urlTemplate":"https:\/\/www.sgleurope.cz\/en\/?s={search_term_string}"},"query-input":{"@type":"PropertyValueSpecification","valueRequired":true,"valueName":"search_term_string"}}],"inLanguage":"cs"}]}},"_links":{"self":[{"href":"https:\/\/www.sgleurope.cz\/cs\/wp-json\/wp\/v2\/pages\/220","targetHints":{"allow":["GET"]}}],"collection":[{"href":"https:\/\/www.sgleurope.cz\/cs\/wp-json\/wp\/v2\/pages"}],"about":[{"href":"https:\/\/www.sgleurope.cz\/cs\/wp-json\/wp\/v2\/types\/page"}],"author":[{"embeddable":true,"href":"https:\/\/www.sgleurope.cz\/cs\/wp-json\/wp\/v2\/users\/2"}],"replies":[{"embeddable":true,"href":"https:\/\/www.sgleurope.cz\/cs\/wp-json\/wp\/v2\/comments?post=220"}],"version-history":[{"count":19,"href":"https:\/\/www.sgleurope.cz\/cs\/wp-json\/wp\/v2\/pages\/220\/revisions"}],"predecessor-version":[{"id":488,"href":"https:\/\/www.sgleurope.cz\/cs\/wp-json\/wp\/v2\/pages\/220\/revisions\/488"}],"wp:attachment":[{"href":"https:\/\/www.sgleurope.cz\/cs\/wp-json\/wp\/v2\/media?parent=220"}],"curies":[{"name":"wp","href":"https:\/\/api.w.org\/{rel}","templated":true}]}}